{"id":61,"date":"2018-09-12T17:49:46","date_gmt":"2018-09-12T15:49:46","guid":{"rendered":"http:\/\/zouavespontificaux.be\/wp\/?page_id=61"},"modified":"2026-03-24T13:13:13","modified_gmt":"2026-03-24T12:13:13","slug":"telechargement","status":"publish","type":"page","link":"https:\/\/www.zouavespontificaux.be\/?page_id=61","title":{"rendered":"T\u00e9l\u00e9chargement"},"content":{"rendered":"<p><strong>Dans cette page, divers documents utiles vous sont mis \u00e0 disposition.<\/strong><\/p>\n<ul>\n<li><a href=\"http:\/\/zouavespontificaux.be\/Docs\/Press-book.pdf\">Press book<\/a><\/li>\n<\/ul>\n<p>&nbsp;<\/p>\n<p><strong>Si vous souhaitez nous rejoindre :<\/strong><\/p>\n<p><br style=\"clear: both;\"><br>Il ne reste actuellement plus de place disponible, Votre candidature sera plac\u00e9 en liste d&rsquo;attente.<\/p>\n<ul>\n<li><a href=\"https:\/\/zouavespontificaux.be\/Docs\/Demande-dadmission.pdf\" target=\"_blank\" rel=\"noopener\">Demande d&rsquo;admission<\/a><\/li>\n<li><a href=\"http:\/\/zouavespontificaux.be\/Docs\/Zouaves-contrat-dengagement.pdf\">Zouaves contrat d&rsquo;engagement<\/a><\/li>\n<\/ul>\n<p>&nbsp;<\/p>\n<p><strong>Documents divers :<\/strong><\/p>\n<ul>\n<li>S<a href=\"http:\/\/zouavespontificaux.be\/Docs\/Status_ZouavesPontificaux_2026.pdf\">tatus de la soci\u00e9t\u00e9 Royal des Zouaves Pontificaux de Thuin<\/a><\/li>\n<li><a href=\"http:\/\/zouavespontificaux.be\/Docs\/ROI_2026.pdf\">R\u00e8glement d&rsquo;Ordre Int\u00e9rieur<\/a><\/li>\n<\/ul>\n<p>&nbsp;<\/p>\n<p>&nbsp;<\/p>\n\n","protected":false},"excerpt":{"rendered":"<p>Dans cette page, divers documents utiles vous sont mis \u00e0 disposition. Press book &nbsp; Si vous souhaitez nous rejoindre : Il ne reste actuellement plus de place disponible, Votre candidature &hellip; <\/p>\n<p class=\"link-more\"><a href=\"https:\/\/www.zouavespontificaux.be\/?page_id=61\" class=\"more-link\">Continuer la lecture<span class=\"screen-reader-text\"> de &laquo;&nbsp;T\u00e9l\u00e9chargement&nbsp;&raquo;<\/span><\/a><\/p>\n","protected":false},"author":3,"featured_media":0,"parent":0,"menu_order":0,"comment_status":"closed","ping_status":"closed","template":"","meta":{"footnotes":""},"class_list":["post-61","page","type-page","status-publish","hentry"],"_links":{"self":[{"href":"https:\/\/www.zouavespontificaux.be\/index.php?rest_route=\/wp\/v2\/pages\/61","targetHints":{"allow":["GET"]}}],"collection":[{"href":"https:\/\/www.zouavespontificaux.be\/index.php?rest_route=\/wp\/v2\/pages"}],"about":[{"href":"https:\/\/www.zouavespontificaux.be\/index.php?rest_route=\/wp\/v2\/types\/page"}],"author":[{"embeddable":true,"href":"https:\/\/www.zouavespontificaux.be\/index.php?rest_route=\/wp\/v2\/users\/3"}],"replies":[{"embeddable":true,"href":"https:\/\/www.zouavespontificaux.be\/index.php?rest_route=%2Fwp%2Fv2%2Fcomments&post=61"}],"version-history":[{"count":16,"href":"https:\/\/www.zouavespontificaux.be\/index.php?rest_route=\/wp\/v2\/pages\/61\/revisions"}],"predecessor-version":[{"id":517,"href":"https:\/\/www.zouavespontificaux.be\/index.php?rest_route=\/wp\/v2\/pages\/61\/revisions\/517"}],"wp:attachment":[{"href":"https:\/\/www.zouavespontificaux.be\/index.php?rest_route=%2Fwp%2Fv2%2Fmedia&parent=61"}],"curies":[{"name":"wp","href":"https:\/\/api.w.org\/{rel}","templated":true}]}}