{"id":250,"date":"2019-01-02T23:56:48","date_gmt":"2019-01-02T22:56:48","guid":{"rendered":"http:\/\/zouavespontificaux.be\/wp\/?page_id=250"},"modified":"2019-01-03T10:46:33","modified_gmt":"2019-01-03T09:46:33","slug":"accueil-2","status":"publish","type":"page","link":"https:\/\/www.zouavespontificaux.be\/","title":{"rendered":"Accueil"},"content":{"rendered":"<h3>Bienvenue sur le site de la Soci\u00e9t\u00e9 Royale des Zouaves Pontificaux de Thuin.<\/h3>\n<p><span class=\"ContentAcc\">La soci\u00e9t\u00e9 des Zouaves Pontificaux naquit en 1901. Cette soci\u00e9t\u00e9, forte de pr\u00e8s de 150 membres, se compose de diff\u00e9rents pelotons.<br \/>\nElle met \u00e0 la disposition du clerg\u00e9, les gardes et les porteurs de la statue de saint&nbsp;Roch. Ils ont l\u2019honneur de la porter au sein de la procession.<\/span><\/p>\n","protected":false},"excerpt":{"rendered":"<p>Bienvenue sur le site de la Soci\u00e9t\u00e9 Royale des Zouaves Pontificaux de Thuin. La soci\u00e9t\u00e9 des Zouaves Pontificaux naquit en 1901. Cette soci\u00e9t\u00e9, forte de pr\u00e8s de 150 membres, se &hellip; <\/p>\n<p class=\"link-more\"><a href=\"https:\/\/www.zouavespontificaux.be\/\" class=\"more-link\">Continuer la lecture<span class=\"screen-reader-text\"> de &laquo;&nbsp;Accueil&nbsp;&raquo;<\/span><\/a><\/p>\n","protected":false},"author":3,"featured_media":0,"parent":0,"menu_order":0,"comment_status":"closed","ping_status":"closed","template":"","meta":{"footnotes":""},"class_list":["post-250","page","type-page","status-publish","hentry"],"_links":{"self":[{"href":"https:\/\/www.zouavespontificaux.be\/index.php?rest_route=\/wp\/v2\/pages\/250","targetHints":{"allow":["GET"]}}],"collection":[{"href":"https:\/\/www.zouavespontificaux.be\/index.php?rest_route=\/wp\/v2\/pages"}],"about":[{"href":"https:\/\/www.zouavespontificaux.be\/index.php?rest_route=\/wp\/v2\/types\/page"}],"author":[{"embeddable":true,"href":"https:\/\/www.zouavespontificaux.be\/index.php?rest_route=\/wp\/v2\/users\/3"}],"replies":[{"embeddable":true,"href":"https:\/\/www.zouavespontificaux.be\/index.php?rest_route=%2Fwp%2Fv2%2Fcomments&post=250"}],"version-history":[{"count":3,"href":"https:\/\/www.zouavespontificaux.be\/index.php?rest_route=\/wp\/v2\/pages\/250\/revisions"}],"predecessor-version":[{"id":258,"href":"https:\/\/www.zouavespontificaux.be\/index.php?rest_route=\/wp\/v2\/pages\/250\/revisions\/258"}],"wp:attachment":[{"href":"https:\/\/www.zouavespontificaux.be\/index.php?rest_route=%2Fwp%2Fv2%2Fmedia&parent=250"}],"curies":[{"name":"wp","href":"https:\/\/api.w.org\/{rel}","templated":true}]}}